{"id":816,"date":"2020-11-02T14:53:12","date_gmt":"2020-11-02T13:53:12","guid":{"rendered":"https:\/\/editionsecriplume.com\/?post_type=product&#038;p=816"},"modified":"2025-10-18T08:48:28","modified_gmt":"2025-10-18T06:48:28","slug":"le-cadeau-enchante","status":"publish","type":"product","link":"https:\/\/editionsecriplume.com\/?product=le-cadeau-enchante","title":{"rendered":"Livre pour enfants: &#8220;Le Cadeau Enchant\u00e9&#8221;"},"content":{"rendered":"<p>Disponible.<\/p>\n","protected":false},"excerpt":{"rendered":"<p>M\u00e9line, 9 ans, est \u00e0 la biblioth\u00e8que lorsqu\u2019une dame tr\u00e8s \u00e2g\u00e9e qu\u2019elle a aid\u00e9e quelques jours auparavant, d\u00e9cide, pour la remercier,\u00a0 de lui offrir un cadeau un peu particulier.\u00a0Durant quelques heures, elle va avoir le pouvoir de communiquer avec les chats. Un don \u00e9ph\u00e9m\u00e8re qui va entra\u00eener la petite fille dans un univers qu\u2019elle ne soup\u00e7onnait pas\u2026<\/p>\n","protected":false},"featured_media":716,"comment_status":"open","ping_status":"closed","template":"","meta":[],"product_brand":[],"product_cat":[77,35],"product_tag":[],"class_list":{"0":"post-816","1":"product","2":"type-product","3":"status-publish","4":"has-post-thumbnail","6":"product_cat-collection-les-histoires-de-mamitine","7":"product_cat-livre-pour-enfants","9":"first","10":"instock","11":"shipping-taxable","12":"purchasable","13":"product-type-simple"},"jetpack_sharing_enabled":true,"_links":{"self":[{"href":"https:\/\/editionsecriplume.com\/index.php?rest_route=\/wp\/v2\/product\/816","targetHints":{"allow":["GET"]}}],"collection":[{"href":"https:\/\/editionsecriplume.com\/index.php?rest_route=\/wp\/v2\/product"}],"about":[{"href":"https:\/\/editionsecriplume.com\/index.php?rest_route=\/wp\/v2\/types\/product"}],"replies":[{"embeddable":true,"href":"https:\/\/editionsecriplume.com\/index.php?rest_route=%2Fwp%2Fv2%2Fcomments&post=816"}],"version-history":[{"count":3,"href":"https:\/\/editionsecriplume.com\/index.php?rest_route=\/wp\/v2\/product\/816\/revisions"}],"predecessor-version":[{"id":1690,"href":"https:\/\/editionsecriplume.com\/index.php?rest_route=\/wp\/v2\/product\/816\/revisions\/1690"}],"wp:featuredmedia":[{"embeddable":true,"href":"https:\/\/editionsecriplume.com\/index.php?rest_route=\/wp\/v2\/media\/716"}],"wp:attachment":[{"href":"https:\/\/editionsecriplume.com\/index.php?rest_route=%2Fwp%2Fv2%2Fmedia&parent=816"}],"wp:term":[{"taxonomy":"product_brand","embeddable":true,"href":"https:\/\/editionsecriplume.com\/index.php?rest_route=%2Fwp%2Fv2%2Fproduct_brand&post=816"},{"taxonomy":"product_cat","embeddable":true,"href":"https:\/\/editionsecriplume.com\/index.php?rest_route=%2Fwp%2Fv2%2Fproduct_cat&post=816"},{"taxonomy":"product_tag","embeddable":true,"href":"https:\/\/editionsecriplume.com\/index.php?rest_route=%2Fwp%2Fv2%2Fproduct_tag&post=816"}],"curies":[{"name":"wp","href":"https:\/\/api.w.org\/{rel}","templated":true}]}}