{"id":3146,"date":"2025-09-11T10:05:26","date_gmt":"2025-09-11T08:05:26","guid":{"rendered":"https:\/\/editionsecriplume.com\/?post_type=product&#038;p=3146"},"modified":"2025-09-11T10:05:32","modified_gmt":"2025-09-11T08:05:32","slug":"votre-annee-2026-signe-apres-signe","status":"publish","type":"product","link":"https:\/\/editionsecriplume.com\/?product=votre-annee-2026-signe-apres-signe","title":{"rendered":"Votre ann\u00e9e 2026 signe apr\u00e8s signe"},"content":{"rendered":"<p>Pens\u00e9 comme un compagnon pour toute l\u2019ann\u00e9e, ce livre vous propose une pr\u00e9sentation pour chaque signe du zodiaque, une vision globale des grands mouvements plan\u00e9taires et des rep\u00e8res mois par mois pour mieux anticiper 2026. Vous y trouverez aussi des informations pour chaque d\u00e9can et des indications en fonction de l\u2019ascendant.<\/p>\n","protected":false},"excerpt":{"rendered":"<p>Pens\u00e9 comme un compagnon pour toute l\u2019ann\u00e9e, ce livre vous propose une pr\u00e9sentation pour chaque signe du zodiaque, une vision globale des grands mouvements plan\u00e9taires et des rep\u00e8res mois par mois pour mieux anticiper 2026. Vous y trouverez aussi des informations pour chaque d\u00e9can et des indications en fonction de l\u2019ascendant.<\/p>\n","protected":false},"featured_media":3093,"comment_status":"open","ping_status":"closed","template":"","meta":[],"product_brand":[],"product_cat":[17],"product_tag":[190],"class_list":{"0":"post-3146","1":"product","2":"type-product","3":"status-publish","4":"has-post-thumbnail","6":"product_cat-non-classe","7":"product_tag-astrologie","9":"first","10":"instock","11":"shipping-taxable","12":"purchasable","13":"product-type-simple"},"jetpack_sharing_enabled":true,"_links":{"self":[{"href":"https:\/\/editionsecriplume.com\/index.php?rest_route=\/wp\/v2\/product\/3146","targetHints":{"allow":["GET"]}}],"collection":[{"href":"https:\/\/editionsecriplume.com\/index.php?rest_route=\/wp\/v2\/product"}],"about":[{"href":"https:\/\/editionsecriplume.com\/index.php?rest_route=\/wp\/v2\/types\/product"}],"replies":[{"embeddable":true,"href":"https:\/\/editionsecriplume.com\/index.php?rest_route=%2Fwp%2Fv2%2Fcomments&post=3146"}],"version-history":[{"count":2,"href":"https:\/\/editionsecriplume.com\/index.php?rest_route=\/wp\/v2\/product\/3146\/revisions"}],"predecessor-version":[{"id":3148,"href":"https:\/\/editionsecriplume.com\/index.php?rest_route=\/wp\/v2\/product\/3146\/revisions\/3148"}],"wp:featuredmedia":[{"embeddable":true,"href":"https:\/\/editionsecriplume.com\/index.php?rest_route=\/wp\/v2\/media\/3093"}],"wp:attachment":[{"href":"https:\/\/editionsecriplume.com\/index.php?rest_route=%2Fwp%2Fv2%2Fmedia&parent=3146"}],"wp:term":[{"taxonomy":"product_brand","embeddable":true,"href":"https:\/\/editionsecriplume.com\/index.php?rest_route=%2Fwp%2Fv2%2Fproduct_brand&post=3146"},{"taxonomy":"product_cat","embeddable":true,"href":"https:\/\/editionsecriplume.com\/index.php?rest_route=%2Fwp%2Fv2%2Fproduct_cat&post=3146"},{"taxonomy":"product_tag","embeddable":true,"href":"https:\/\/editionsecriplume.com\/index.php?rest_route=%2Fwp%2Fv2%2Fproduct_tag&post=3146"}],"curies":[{"name":"wp","href":"https:\/\/api.w.org\/{rel}","templated":true}]}}