{"id":2962,"date":"2024-11-11T10:04:42","date_gmt":"2024-11-11T09:04:42","guid":{"rendered":"https:\/\/editionsecriplume.com\/?post_type=product&#038;p=2962"},"modified":"2025-10-12T22:27:58","modified_gmt":"2025-10-12T20:27:58","slug":"ateliers-decriture-pour-enfants-animez-concevez-creez","status":"publish","type":"product","link":"https:\/\/editionsecriplume.com\/?product=ateliers-decriture-pour-enfants-animez-concevez-creez","title":{"rendered":"Version papier Ateliers d&#8217;\u00e9criture pour enfants &#8211; Animez, concevez, cr\u00e9ez"},"content":{"rendered":"<p>Version papier<\/p>\n<p class=\"p1\"><b>R\u00e9v\u00e9lez le potentiel cr\u00e9atif des enfants \u00e0 travers l\u2019\u00e9criture.<\/b><\/p>\n<p class=\"p1\">Ce guide pratique s\u2019adresse \u00e0 tous ceux qui souhaitent animer des ateliers d\u2019\u00e9criture pour enfants, qu\u2019ils soient d\u00e9butants ou exp\u00e9riment\u00e9s. Organis\u00e9 de mani\u00e8re accessible et inspirante, il vous propose des techniques concr\u00e8tes, des exercices vari\u00e9s et des conseils pr\u00e9cieux pour faire jaillir l\u2019imagination des jeunes auteurs.<\/p>\n","protected":false},"excerpt":{"rendered":"<p>Version papier R\u00e9v\u00e9lez le potentiel cr\u00e9atif des enfants \u00e0 travers l\u2019\u00e9criture. Ce guide pratique s\u2019adresse \u00e0 tous ceux qui souhaitent animer des ateliers d\u2019\u00e9criture pour enfants, qu\u2019ils soient d\u00e9butants ou exp\u00e9riment\u00e9s. Organis\u00e9 de mani\u00e8re accessible et inspirante, il vous propose des techniques concr\u00e8tes, des exercices vari\u00e9s et des conseils pr\u00e9cieux pour faire jaillir l\u2019imagination des [&hellip;]<\/p>\n","protected":false},"featured_media":2710,"comment_status":"open","ping_status":"closed","template":"","meta":[],"product_brand":[],"product_cat":[136,135],"product_tag":[179],"class_list":{"0":"post-2962","1":"product","2":"type-product","3":"status-publish","4":"has-post-thumbnail","6":"product_cat-atelier-decriture-pour-enfants-animez","7":"product_cat-guide-pratique","8":"product_tag-ateliers-decriture-pour-enfant-animez-concevez-creez","9":"product_shipping_class-colis","11":"first","12":"instock","13":"shipping-taxable","14":"purchasable","15":"product-type-simple"},"jetpack_sharing_enabled":true,"_links":{"self":[{"href":"https:\/\/editionsecriplume.com\/index.php?rest_route=\/wp\/v2\/product\/2962","targetHints":{"allow":["GET"]}}],"collection":[{"href":"https:\/\/editionsecriplume.com\/index.php?rest_route=\/wp\/v2\/product"}],"about":[{"href":"https:\/\/editionsecriplume.com\/index.php?rest_route=\/wp\/v2\/types\/product"}],"replies":[{"embeddable":true,"href":"https:\/\/editionsecriplume.com\/index.php?rest_route=%2Fwp%2Fv2%2Fcomments&post=2962"}],"version-history":[{"count":3,"href":"https:\/\/editionsecriplume.com\/index.php?rest_route=\/wp\/v2\/product\/2962\/revisions"}],"predecessor-version":[{"id":2972,"href":"https:\/\/editionsecriplume.com\/index.php?rest_route=\/wp\/v2\/product\/2962\/revisions\/2972"}],"wp:featuredmedia":[{"embeddable":true,"href":"https:\/\/editionsecriplume.com\/index.php?rest_route=\/wp\/v2\/media\/2710"}],"wp:attachment":[{"href":"https:\/\/editionsecriplume.com\/index.php?rest_route=%2Fwp%2Fv2%2Fmedia&parent=2962"}],"wp:term":[{"taxonomy":"product_brand","embeddable":true,"href":"https:\/\/editionsecriplume.com\/index.php?rest_route=%2Fwp%2Fv2%2Fproduct_brand&post=2962"},{"taxonomy":"product_cat","embeddable":true,"href":"https:\/\/editionsecriplume.com\/index.php?rest_route=%2Fwp%2Fv2%2Fproduct_cat&post=2962"},{"taxonomy":"product_tag","embeddable":true,"href":"https:\/\/editionsecriplume.com\/index.php?rest_route=%2Fwp%2Fv2%2Fproduct_tag&post=2962"}],"curies":[{"name":"wp","href":"https:\/\/api.w.org\/{rel}","templated":true}]}}