{"id":2793,"date":"2024-10-08T16:24:49","date_gmt":"2024-10-08T14:24:49","guid":{"rendered":"https:\/\/editionsecriplume.com\/?post_type=product&#038;p=2793"},"modified":"2025-05-29T08:53:37","modified_gmt":"2025-05-29T06:53:37","slug":"le-drole-dami-de-kiwi","status":"publish","type":"product","link":"https:\/\/editionsecriplume.com\/?product=le-drole-dami-de-kiwi","title":{"rendered":"Le Dr\u00f4le d&#8217;Ami de Kiwi (D\u00e8s 3 ans) &#8211; Version ebook"},"content":{"rendered":"<p class=\"p1\"><b>Kiwi<\/b>, une petite loutre joyeuse et pleine de curiosit\u00e9, d\u00e9couvre que tout le monde ne se ressemble pas. Un jour, un animal \u00e9trange avec un bec de canard et une queue plate fait son entr\u00e9e dans la rivi\u00e8re. Cet intrus inhabituel devient la cible des moqueries, car il ne ressemble \u00e0 personne.<\/p>\n<p class=\"p1\">Comment accepter un nouvel ami qui semble si bizarre ? Kiwi va apprendre que les plus belles amiti\u00e9s naissent parfois des diff\u00e9rences.<\/p>\n<p class=\"p1\">Livre destin\u00e9 aux enfants d\u00e8s 3 &#8211; 4 ans.<\/p>\n","protected":false},"excerpt":{"rendered":"<p>Kiwi, une petite loutre joyeuse et pleine de curiosit\u00e9, d\u00e9couvre que tout le monde ne se ressemble pas. Un jour, un animal \u00e9trange avec un bec de canard et une queue plate fait son entr\u00e9e dans la rivi\u00e8re. Cet intrus inhabituel devient la cible des moqueries, car il ne ressemble \u00e0 personne. Comment accepter un [&hellip;]<\/p>\n","protected":false},"featured_media":2794,"comment_status":"open","ping_status":"closed","template":"","meta":[],"product_brand":[],"product_cat":[158,35],"product_tag":[161,160,164,165,162,97,163],"class_list":{"0":"post-2793","1":"product","2":"type-product","3":"status-publish","4":"has-post-thumbnail","6":"product_cat-collection-les-petits-pas","7":"product_cat-livre-pour-enfants","8":"product_tag-apprendre-la-difference-aux-enfants","9":"product_tag-apprendre-la-tolerance-aux-enfants","10":"product_tag-histoire-damitie","11":"product_tag-le-drole-dami-de-kiwi","12":"product_tag-loutre","13":"product_tag-martine-peters","14":"product_tag-ornithorynque","16":"first","17":"instock","18":"downloadable","19":"virtual","20":"purchasable","21":"product-type-simple"},"jetpack_sharing_enabled":true,"_links":{"self":[{"href":"https:\/\/editionsecriplume.com\/index.php?rest_route=\/wp\/v2\/product\/2793","targetHints":{"allow":["GET"]}}],"collection":[{"href":"https:\/\/editionsecriplume.com\/index.php?rest_route=\/wp\/v2\/product"}],"about":[{"href":"https:\/\/editionsecriplume.com\/index.php?rest_route=\/wp\/v2\/types\/product"}],"replies":[{"embeddable":true,"href":"https:\/\/editionsecriplume.com\/index.php?rest_route=%2Fwp%2Fv2%2Fcomments&post=2793"}],"version-history":[{"count":7,"href":"https:\/\/editionsecriplume.com\/index.php?rest_route=\/wp\/v2\/product\/2793\/revisions"}],"predecessor-version":[{"id":2893,"href":"https:\/\/editionsecriplume.com\/index.php?rest_route=\/wp\/v2\/product\/2793\/revisions\/2893"}],"wp:featuredmedia":[{"embeddable":true,"href":"https:\/\/editionsecriplume.com\/index.php?rest_route=\/wp\/v2\/media\/2794"}],"wp:attachment":[{"href":"https:\/\/editionsecriplume.com\/index.php?rest_route=%2Fwp%2Fv2%2Fmedia&parent=2793"}],"wp:term":[{"taxonomy":"product_brand","embeddable":true,"href":"https:\/\/editionsecriplume.com\/index.php?rest_route=%2Fwp%2Fv2%2Fproduct_brand&post=2793"},{"taxonomy":"product_cat","embeddable":true,"href":"https:\/\/editionsecriplume.com\/index.php?rest_route=%2Fwp%2Fv2%2Fproduct_cat&post=2793"},{"taxonomy":"product_tag","embeddable":true,"href":"https:\/\/editionsecriplume.com\/index.php?rest_route=%2Fwp%2Fv2%2Fproduct_tag&post=2793"}],"curies":[{"name":"wp","href":"https:\/\/api.w.org\/{rel}","templated":true}]}}