{"id":2767,"date":"2024-10-03T09:29:30","date_gmt":"2024-10-03T07:29:30","guid":{"rendered":"https:\/\/editionsecriplume.com\/?post_type=product&#038;p=2767"},"modified":"2025-05-29T08:52:39","modified_gmt":"2025-05-29T06:52:39","slug":"les-papillons-de-papou-des-4-ans","status":"publish","type":"product","link":"https:\/\/editionsecriplume.com\/?product=les-papillons-de-papou-des-4-ans","title":{"rendered":"Les Papillons de Papou &#8211; D\u00e8s 3 ans (Version ebook)"},"content":{"rendered":"<p class=\"p1\">Moka, le petit \u00e9l\u00e9phanteau, partage des moments pr\u00e9cieux avec son grand-p\u00e8re Papou. Mais un jour, Papou s\u2019en va, laissant Moka avec ses questions et sa tristesse. \u00c0 travers cette histoire douce et po\u00e9tique, les tout-petits d\u00e9couvrent le cycle de la vie et apprennent \u00e0 apprivoiser la perte d\u2019un \u00eatre cher. Un livre r\u00e9confortant, con\u00e7u pour apaiser et rassurer, \u00e0 partager avec tendresse.<\/p>\n","protected":false},"excerpt":{"rendered":"<p>Ce livre permet d&#8217;aborder le th\u00e8me de la mort de mani\u00e8re douce avec les enfants d\u00e8s 4 ans, \u00e0 travers une histoire tendre et apaisante.<\/p>\n","protected":false},"featured_media":2768,"comment_status":"open","ping_status":"closed","template":"","meta":[],"product_brand":[],"product_cat":[158,35],"product_tag":[156,155,157],"class_list":{"0":"post-2767","1":"product","2":"type-product","3":"status-publish","4":"has-post-thumbnail","6":"product_cat-collection-les-petits-pas","7":"product_cat-livre-pour-enfants","8":"product_tag-expliquer-la-mort-aux-enfants","9":"product_tag-les-papillons-de-papou","10":"product_tag-livres-hate-saone","12":"first","13":"instock","14":"downloadable","15":"virtual","16":"purchasable","17":"product-type-simple"},"jetpack_sharing_enabled":true,"_links":{"self":[{"href":"https:\/\/editionsecriplume.com\/index.php?rest_route=\/wp\/v2\/product\/2767","targetHints":{"allow":["GET"]}}],"collection":[{"href":"https:\/\/editionsecriplume.com\/index.php?rest_route=\/wp\/v2\/product"}],"about":[{"href":"https:\/\/editionsecriplume.com\/index.php?rest_route=\/wp\/v2\/types\/product"}],"replies":[{"embeddable":true,"href":"https:\/\/editionsecriplume.com\/index.php?rest_route=%2Fwp%2Fv2%2Fcomments&post=2767"}],"version-history":[{"count":4,"href":"https:\/\/editionsecriplume.com\/index.php?rest_route=\/wp\/v2\/product\/2767\/revisions"}],"predecessor-version":[{"id":3043,"href":"https:\/\/editionsecriplume.com\/index.php?rest_route=\/wp\/v2\/product\/2767\/revisions\/3043"}],"wp:featuredmedia":[{"embeddable":true,"href":"https:\/\/editionsecriplume.com\/index.php?rest_route=\/wp\/v2\/media\/2768"}],"wp:attachment":[{"href":"https:\/\/editionsecriplume.com\/index.php?rest_route=%2Fwp%2Fv2%2Fmedia&parent=2767"}],"wp:term":[{"taxonomy":"product_brand","embeddable":true,"href":"https:\/\/editionsecriplume.com\/index.php?rest_route=%2Fwp%2Fv2%2Fproduct_brand&post=2767"},{"taxonomy":"product_cat","embeddable":true,"href":"https:\/\/editionsecriplume.com\/index.php?rest_route=%2Fwp%2Fv2%2Fproduct_cat&post=2767"},{"taxonomy":"product_tag","embeddable":true,"href":"https:\/\/editionsecriplume.com\/index.php?rest_route=%2Fwp%2Fv2%2Fproduct_tag&post=2767"}],"curies":[{"name":"wp","href":"https:\/\/api.w.org\/{rel}","templated":true}]}}