{"id":2695,"date":"2024-09-12T15:38:53","date_gmt":"2024-09-12T13:38:53","guid":{"rendered":"https:\/\/editionsecriplume.com\/?post_type=product&#038;p=2695"},"modified":"2024-11-11T10:16:33","modified_gmt":"2024-11-11T09:16:33","slug":"atelier-decriture-pour-enfants-animez-concevez-creez","status":"publish","type":"product","link":"https:\/\/editionsecriplume.com\/?product=atelier-decriture-pour-enfants-animez-concevez-creez","title":{"rendered":"Version Ebook: Atelier d&#8217;\u00e9criture pour enfants &#8211; Animez, concevez, cr\u00e9ez!"},"content":{"rendered":"<p class=\"p1\"><b>R\u00e9v\u00e9lez le potentiel cr\u00e9atif des enfants \u00e0 travers l\u2019\u00e9criture.<\/b><\/p>\n<p class=\"p1\">Ce guide pratique s\u2019adresse \u00e0 tous ceux qui souhaitent animer des ateliers d\u2019\u00e9criture pour enfants, qu\u2019ils soient d\u00e9butants ou exp\u00e9riment\u00e9s. Organis\u00e9 de mani\u00e8re accessible et inspirante, il vous propose des techniques concr\u00e8tes, des exercices vari\u00e9s et des conseils pr\u00e9cieux pour faire jaillir l\u2019imagination des jeunes auteurs.<\/p>\n<p class=\"p1\">Vous y trouverez tout le n\u00e9cessaire pour :<\/p>\n<p class=\"p3\">\u2022 Cr\u00e9er des ateliers stimulants et adapt\u00e9s \u00e0 diff\u00e9rents \u00e2ges<\/p>\n<p class=\"p3\">\u2022 Utiliser l\u2019\u00e9criture comme un outil d\u2019expression et de d\u00e9veloppement personnel<\/p>\n<p class=\"p3\">\u2022 Accompagner les enfants dans la d\u00e9couverte de leur propre voix cr\u00e9ative<\/p>\n<p class=\"p1\">Con\u00e7u comme un v\u00e9ritable compagnon, cet ouvrage vous guidera pas \u00e0 pas dans la mise en place d\u2019ateliers enrichissants et ludiques, o\u00f9 les mots prennent vie sous les doigts des enfants.<\/p>\n<p>&nbsp;<\/p>\n","protected":false},"excerpt":{"rendered":"<p class=\"p1\"><b>R\u00e9v\u00e9lez le potentiel cr\u00e9atif des enfants \u00e0 travers l\u2019\u00e9criture.<\/b><\/p>\n<p class=\"p1\">Ce guide pratique s\u2019adresse \u00e0 tous ceux qui souhaitent animer des ateliers d\u2019\u00e9criture pour enfants, qu\u2019ils soient d\u00e9butants ou exp\u00e9riment\u00e9s. Organis\u00e9 de mani\u00e8re accessible et inspirante, il vous propose des techniques concr\u00e8tes, des exercices vari\u00e9s et des conseils pr\u00e9cieux pour faire jaillir l\u2019imagination des jeunes auteurs.<br \/>\n<strong>Version ebook: t\u00e9l\u00e9chargez en un clic!<\/strong><\/p>\n","protected":false},"featured_media":2696,"comment_status":"open","ping_status":"closed","template":"","meta":[],"product_brand":[],"product_cat":[138,135],"product_tag":[],"class_list":{"0":"post-2695","1":"product","2":"type-product","3":"status-publish","4":"has-post-thumbnail","6":"product_cat-creez","7":"product_cat-guide-pratique","9":"first","10":"instock","11":"downloadable","12":"virtual","13":"purchasable","14":"product-type-simple"},"jetpack_sharing_enabled":true,"_links":{"self":[{"href":"https:\/\/editionsecriplume.com\/index.php?rest_route=\/wp\/v2\/product\/2695","targetHints":{"allow":["GET"]}}],"collection":[{"href":"https:\/\/editionsecriplume.com\/index.php?rest_route=\/wp\/v2\/product"}],"about":[{"href":"https:\/\/editionsecriplume.com\/index.php?rest_route=\/wp\/v2\/types\/product"}],"replies":[{"embeddable":true,"href":"https:\/\/editionsecriplume.com\/index.php?rest_route=%2Fwp%2Fv2%2Fcomments&post=2695"}],"version-history":[{"count":4,"href":"https:\/\/editionsecriplume.com\/index.php?rest_route=\/wp\/v2\/product\/2695\/revisions"}],"predecessor-version":[{"id":2707,"href":"https:\/\/editionsecriplume.com\/index.php?rest_route=\/wp\/v2\/product\/2695\/revisions\/2707"}],"wp:featuredmedia":[{"embeddable":true,"href":"https:\/\/editionsecriplume.com\/index.php?rest_route=\/wp\/v2\/media\/2696"}],"wp:attachment":[{"href":"https:\/\/editionsecriplume.com\/index.php?rest_route=%2Fwp%2Fv2%2Fmedia&parent=2695"}],"wp:term":[{"taxonomy":"product_brand","embeddable":true,"href":"https:\/\/editionsecriplume.com\/index.php?rest_route=%2Fwp%2Fv2%2Fproduct_brand&post=2695"},{"taxonomy":"product_cat","embeddable":true,"href":"https:\/\/editionsecriplume.com\/index.php?rest_route=%2Fwp%2Fv2%2Fproduct_cat&post=2695"},{"taxonomy":"product_tag","embeddable":true,"href":"https:\/\/editionsecriplume.com\/index.php?rest_route=%2Fwp%2Fv2%2Fproduct_tag&post=2695"}],"curies":[{"name":"wp","href":"https:\/\/api.w.org\/{rel}","templated":true}]}}