{"id":2574,"date":"2023-05-09T09:38:49","date_gmt":"2023-05-09T07:38:49","guid":{"rendered":"https:\/\/editionsecriplume.com\/?post_type=product&#038;p=2574"},"modified":"2024-09-12T18:47:11","modified_gmt":"2024-09-12T16:47:11","slug":"gaspard-et-le-tresor-de-la-pyramide","status":"publish","type":"product","link":"https:\/\/editionsecriplume.com\/?product=gaspard-et-le-tresor-de-la-pyramide","title":{"rendered":"Gaspard et le Tr\u00e9sor de la Pyramide"},"content":{"rendered":"<p>Propuls\u00e9 dans le Temps, le jeune lecteur va se retrouver au coeur de l&#8217;Egypte ancienne avec une mission: ramener une statuette disparue. Aid\u00e9 par sa bande de copains, il partira pour une aventure passionnante, devra r\u00e9pondre \u00e0 des questions, r\u00e9soudre des \u00e9nigmes&#8230; et apprendra\u00a0 les bases de cette fascinante civilisation en s&#8217;amusant.<\/p>\n","protected":false},"excerpt":{"rendered":"<p>Propuls\u00e9 dans le Temps, le jeune lecteur va se retrouver au coeur de l&#8217;Egypte ancienne avec une mission: ramener une statuette disparue. Aid\u00e9 par sa bande de copains, il partira pour une aventure passionnante, devra r\u00e9pondre \u00e0 des questions, r\u00e9soudre des \u00e9nigmes&#8230; et apprendra\u00a0 les bases de cette fascinante civilisation en s&#8217;amusant.<\/p>\n","protected":false},"featured_media":2575,"comment_status":"open","ping_status":"closed","template":"","meta":[],"product_brand":[],"product_cat":[130,35],"product_tag":[132,131,133],"class_list":{"0":"post-2574","1":"product","2":"type-product","3":"status-publish","4":"has-post-thumbnail","6":"product_cat-collection-le-cercle-des-aventuriers","7":"product_cat-livre-pour-enfants","8":"product_tag-aventures","9":"product_tag-egypte-ancienne","10":"product_tag-enigme","12":"first","13":"instock","14":"shipping-taxable","15":"purchasable","16":"product-type-simple"},"jetpack_sharing_enabled":true,"_links":{"self":[{"href":"https:\/\/editionsecriplume.com\/index.php?rest_route=\/wp\/v2\/product\/2574","targetHints":{"allow":["GET"]}}],"collection":[{"href":"https:\/\/editionsecriplume.com\/index.php?rest_route=\/wp\/v2\/product"}],"about":[{"href":"https:\/\/editionsecriplume.com\/index.php?rest_route=\/wp\/v2\/types\/product"}],"replies":[{"embeddable":true,"href":"https:\/\/editionsecriplume.com\/index.php?rest_route=%2Fwp%2Fv2%2Fcomments&post=2574"}],"version-history":[{"count":2,"href":"https:\/\/editionsecriplume.com\/index.php?rest_route=\/wp\/v2\/product\/2574\/revisions"}],"predecessor-version":[{"id":2602,"href":"https:\/\/editionsecriplume.com\/index.php?rest_route=\/wp\/v2\/product\/2574\/revisions\/2602"}],"wp:featuredmedia":[{"embeddable":true,"href":"https:\/\/editionsecriplume.com\/index.php?rest_route=\/wp\/v2\/media\/2575"}],"wp:attachment":[{"href":"https:\/\/editionsecriplume.com\/index.php?rest_route=%2Fwp%2Fv2%2Fmedia&parent=2574"}],"wp:term":[{"taxonomy":"product_brand","embeddable":true,"href":"https:\/\/editionsecriplume.com\/index.php?rest_route=%2Fwp%2Fv2%2Fproduct_brand&post=2574"},{"taxonomy":"product_cat","embeddable":true,"href":"https:\/\/editionsecriplume.com\/index.php?rest_route=%2Fwp%2Fv2%2Fproduct_cat&post=2574"},{"taxonomy":"product_tag","embeddable":true,"href":"https:\/\/editionsecriplume.com\/index.php?rest_route=%2Fwp%2Fv2%2Fproduct_tag&post=2574"}],"curies":[{"name":"wp","href":"https:\/\/api.w.org\/{rel}","templated":true}]}}