{"id":2079,"date":"2021-04-27T10:27:55","date_gmt":"2021-04-27T08:27:55","guid":{"rendered":"https:\/\/editionsecriplume.com\/?post_type=product&#038;p=2079"},"modified":"2023-05-13T09:11:56","modified_gmt":"2023-05-13T07:11:56","slug":"les-visiteurs-de-la-nuit","status":"publish","type":"product","link":"https:\/\/editionsecriplume.com\/?product=les-visiteurs-de-la-nuit","title":{"rendered":"Les  Visiteurs de la Nuit"},"content":{"rendered":"<p>Bien d\u00e9cid\u00e9e \u00e0 comprendre la cause des bruits qu&#8217;elle entend dans le grenier la nuit, Pauline y monte en pensant y trouver une fouine. Mais ce qu&#8217;elle va d\u00e9couvrir d\u00e9passe tout ce qu&#8217;elle pouvait imaginer&#8230;<\/p>\n<p>Livre pour enfants de 6 \u00e0 12 ans.<\/p>\n","protected":false},"excerpt":{"rendered":"<p>Livre pour enfants.<\/p>\n","protected":false},"featured_media":2080,"comment_status":"open","ping_status":"closed","template":"","meta":[],"product_brand":[],"product_cat":[77,35],"product_tag":[98,116,118,117,97],"class_list":{"0":"post-2079","1":"product","2":"type-product","3":"status-publish","4":"has-post-thumbnail","6":"product_cat-collection-les-histoires-de-mamitine","7":"product_cat-livre-pour-enfants","8":"product_tag-editions-ecriplume","9":"product_tag-les-visiteurs-de-la-nuit","10":"product_tag-livre-pour-enfants","11":"product_tag-lutins","12":"product_tag-martine-peters","14":"first","15":"instock","16":"shipping-taxable","17":"purchasable","18":"product-type-simple"},"jetpack_sharing_enabled":true,"_links":{"self":[{"href":"https:\/\/editionsecriplume.com\/index.php?rest_route=\/wp\/v2\/product\/2079","targetHints":{"allow":["GET"]}}],"collection":[{"href":"https:\/\/editionsecriplume.com\/index.php?rest_route=\/wp\/v2\/product"}],"about":[{"href":"https:\/\/editionsecriplume.com\/index.php?rest_route=\/wp\/v2\/types\/product"}],"replies":[{"embeddable":true,"href":"https:\/\/editionsecriplume.com\/index.php?rest_route=%2Fwp%2Fv2%2Fcomments&post=2079"}],"version-history":[{"count":3,"href":"https:\/\/editionsecriplume.com\/index.php?rest_route=\/wp\/v2\/product\/2079\/revisions"}],"predecessor-version":[{"id":2083,"href":"https:\/\/editionsecriplume.com\/index.php?rest_route=\/wp\/v2\/product\/2079\/revisions\/2083"}],"wp:featuredmedia":[{"embeddable":true,"href":"https:\/\/editionsecriplume.com\/index.php?rest_route=\/wp\/v2\/media\/2080"}],"wp:attachment":[{"href":"https:\/\/editionsecriplume.com\/index.php?rest_route=%2Fwp%2Fv2%2Fmedia&parent=2079"}],"wp:term":[{"taxonomy":"product_brand","embeddable":true,"href":"https:\/\/editionsecriplume.com\/index.php?rest_route=%2Fwp%2Fv2%2Fproduct_brand&post=2079"},{"taxonomy":"product_cat","embeddable":true,"href":"https:\/\/editionsecriplume.com\/index.php?rest_route=%2Fwp%2Fv2%2Fproduct_cat&post=2079"},{"taxonomy":"product_tag","embeddable":true,"href":"https:\/\/editionsecriplume.com\/index.php?rest_route=%2Fwp%2Fv2%2Fproduct_tag&post=2079"}],"curies":[{"name":"wp","href":"https:\/\/api.w.org\/{rel}","templated":true}]}}