{"id":203,"date":"2020-07-07T11:34:14","date_gmt":"2020-07-07T09:34:14","guid":{"rendered":"http:\/\/demo.woothemes.com\/woocommerce\/?post_type=product&#038;p=87"},"modified":"2024-11-14T10:21:36","modified_gmt":"2024-11-14T09:21:36","slug":"woo-album","status":"publish","type":"product","link":"https:\/\/editionsecriplume.com\/?product=woo-album","title":{"rendered":"Livre pour enfants: &#8220;Dis&#8230; c&#8217;est vrai que le P\u00e8re No\u00ebl n&#8217;existe pas?&#8221; &#8211; Version papier"},"content":{"rendered":"","protected":false},"excerpt":{"rendered":"<p>Est-il exact que le P\u00e8re No\u00ebl n&#8217;existe pas, comme le pr\u00e9tendent certains des copains de Tom?<\/p>\n","protected":false},"featured_media":715,"comment_status":"open","ping_status":"closed","template":"","meta":[],"product_brand":[],"product_cat":[77,35],"product_tag":[],"class_list":{"0":"post-203","1":"product","2":"type-product","3":"status-publish","4":"has-post-thumbnail","6":"product_cat-collection-les-histoires-de-mamitine","7":"product_cat-livre-pour-enfants","9":"first","10":"instock","11":"featured","12":"downloadable","13":"shipping-taxable","14":"purchasable","15":"product-type-simple"},"jetpack_sharing_enabled":true,"_links":{"self":[{"href":"https:\/\/editionsecriplume.com\/index.php?rest_route=\/wp\/v2\/product\/203","targetHints":{"allow":["GET"]}}],"collection":[{"href":"https:\/\/editionsecriplume.com\/index.php?rest_route=\/wp\/v2\/product"}],"about":[{"href":"https:\/\/editionsecriplume.com\/index.php?rest_route=\/wp\/v2\/types\/product"}],"replies":[{"embeddable":true,"href":"https:\/\/editionsecriplume.com\/index.php?rest_route=%2Fwp%2Fv2%2Fcomments&post=203"}],"version-history":[{"count":5,"href":"https:\/\/editionsecriplume.com\/index.php?rest_route=\/wp\/v2\/product\/203\/revisions"}],"predecessor-version":[{"id":2998,"href":"https:\/\/editionsecriplume.com\/index.php?rest_route=\/wp\/v2\/product\/203\/revisions\/2998"}],"wp:featuredmedia":[{"embeddable":true,"href":"https:\/\/editionsecriplume.com\/index.php?rest_route=\/wp\/v2\/media\/715"}],"wp:attachment":[{"href":"https:\/\/editionsecriplume.com\/index.php?rest_route=%2Fwp%2Fv2%2Fmedia&parent=203"}],"wp:term":[{"taxonomy":"product_brand","embeddable":true,"href":"https:\/\/editionsecriplume.com\/index.php?rest_route=%2Fwp%2Fv2%2Fproduct_brand&post=203"},{"taxonomy":"product_cat","embeddable":true,"href":"https:\/\/editionsecriplume.com\/index.php?rest_route=%2Fwp%2Fv2%2Fproduct_cat&post=203"},{"taxonomy":"product_tag","embeddable":true,"href":"https:\/\/editionsecriplume.com\/index.php?rest_route=%2Fwp%2Fv2%2Fproduct_tag&post=203"}],"curies":[{"name":"wp","href":"https:\/\/api.w.org\/{rel}","templated":true}]}}