{"id":200,"date":"2020-06-07T11:03:56","date_gmt":"2020-06-07T09:03:56","guid":{"rendered":"http:\/\/demo.woothemes.com\/woocommerce\/?post_type=product&#038;p=50"},"modified":"2025-06-12T09:56:58","modified_gmt":"2025-06-12T07:56:58","slug":"patient-ninja","status":"publish","type":"product","link":"https:\/\/editionsecriplume.com\/?product=patient-ninja","title":{"rendered":"Biographie historique: &#8220;Albin Parisod &#8211; Un Comtois En Russie&#8221;"},"content":{"rendered":"","protected":false},"excerpt":{"rendered":"<p>Qui aurait pu imaginer qu\u2019Albin Parisod aurait un destin qui l\u2019entrainerait de son village de Ch\u00e2teau Lambert, en Franche-Comt\u00e9, jusqu\u2019en Russie o\u00f9 il jouera un r\u00f4le m\u00e9morable?<\/p>\n<p>Cette histoire passionnante, qui se d\u00e9roule \u00e0 cheval sur le XIX<sup>e<\/sup> et le XX<sup>e<\/sup> si\u00e8cle, est bas\u00e9e sur des faits r\u00e9els est digne des plus grandes fresques historiques\u2026<\/p>\n","protected":false},"featured_media":3055,"comment_status":"open","ping_status":"closed","template":"","meta":[],"product_brand":[],"product_cat":[39],"product_tag":[],"class_list":{"0":"post-200","1":"product","2":"type-product","3":"status-publish","4":"has-post-thumbnail","6":"product_cat-biographies-historiques","8":"first","9":"instock","10":"featured","11":"shipping-taxable","12":"purchasable","13":"product-type-simple"},"jetpack_sharing_enabled":true,"_links":{"self":[{"href":"https:\/\/editionsecriplume.com\/index.php?rest_route=\/wp\/v2\/product\/200","targetHints":{"allow":["GET"]}}],"collection":[{"href":"https:\/\/editionsecriplume.com\/index.php?rest_route=\/wp\/v2\/product"}],"about":[{"href":"https:\/\/editionsecriplume.com\/index.php?rest_route=\/wp\/v2\/types\/product"}],"replies":[{"embeddable":true,"href":"https:\/\/editionsecriplume.com\/index.php?rest_route=%2Fwp%2Fv2%2Fcomments&post=200"}],"version-history":[{"count":3,"href":"https:\/\/editionsecriplume.com\/index.php?rest_route=\/wp\/v2\/product\/200\/revisions"}],"predecessor-version":[{"id":1693,"href":"https:\/\/editionsecriplume.com\/index.php?rest_route=\/wp\/v2\/product\/200\/revisions\/1693"}],"wp:featuredmedia":[{"embeddable":true,"href":"https:\/\/editionsecriplume.com\/index.php?rest_route=\/wp\/v2\/media\/3055"}],"wp:attachment":[{"href":"https:\/\/editionsecriplume.com\/index.php?rest_route=%2Fwp%2Fv2%2Fmedia&parent=200"}],"wp:term":[{"taxonomy":"product_brand","embeddable":true,"href":"https:\/\/editionsecriplume.com\/index.php?rest_route=%2Fwp%2Fv2%2Fproduct_brand&post=200"},{"taxonomy":"product_cat","embeddable":true,"href":"https:\/\/editionsecriplume.com\/index.php?rest_route=%2Fwp%2Fv2%2Fproduct_cat&post=200"},{"taxonomy":"product_tag","embeddable":true,"href":"https:\/\/editionsecriplume.com\/index.php?rest_route=%2Fwp%2Fv2%2Fproduct_tag&post=200"}],"curies":[{"name":"wp","href":"https:\/\/api.w.org\/{rel}","templated":true}]}}