{"id":1962,"date":"2021-03-03T08:56:14","date_gmt":"2021-03-03T07:56:14","guid":{"rendered":"https:\/\/editionsecriplume.com\/?post_type=product&#038;p=1962"},"modified":"2023-11-25T18:10:20","modified_gmt":"2023-11-25T17:10:20","slug":"livre-pour-enfants-le-fantome-de-brigasou","status":"publish","type":"product","link":"https:\/\/editionsecriplume.com\/?product=livre-pour-enfants-le-fantome-de-brigasou","title":{"rendered":"Livre pour enfants: Le Fant\u00f4me de Brigasou."},"content":{"rendered":"\t\t<div data-elementor-type=\"product-post\" data-elementor-id=\"1962\" class=\"elementor elementor-1962\" data-elementor-post-type=\"product\">\n\t\t\t\t\t\t<section class=\"elementor-section elementor-top-section elementor-element elementor-element-f5f8a95 elementor-section-boxed elementor-section-height-default elementor-section-height-default\" data-id=\"f5f8a95\" data-element_type=\"section\">\n\t\t\t\t\t\t<div class=\"elementor-container elementor-column-gap-default\">\n\t\t\t\t\t<div class=\"aux-parallax-section elementor-column elementor-col-50 elementor-top-column elementor-element elementor-element-9333322\" data-id=\"9333322\" data-element_type=\"column\">\n\t\t\t<div class=\"elementor-widget-wrap elementor-element-populated\">\n\t\t\t\t\t\t<div class=\"elementor-element elementor-element-a41e14b elementor-widget elementor-widget-image\" data-id=\"a41e14b\" data-element_type=\"widget\" data-widget_type=\"image.default\">\n\t\t\t\t<div class=\"elementor-widget-container\">\n\t\t\t\t\t\t\t\t\t\t\t\t\t\t\t<img fetchpriority=\"high\" decoding=\"async\" width=\"675\" height=\"695\" src=\"https:\/\/editionsecriplume.com\/wp-content\/uploads\/2020\/12\/Couverture-Fantome-de-Brigasou.jpg\" class=\"attachment-large size-large wp-image-1704\" alt=\"\" srcset=\"https:\/\/editionsecriplume.com\/wp-content\/uploads\/2020\/12\/Couverture-Fantome-de-Brigasou.jpg 675w, https:\/\/editionsecriplume.com\/wp-content\/uploads\/2020\/12\/Couverture-Fantome-de-Brigasou-600x618.jpg 600w\" sizes=\"(max-width: 675px) 100vw, 675px\" \/>\t\t\t\t\t\t\t\t\t\t\t\t\t\t\t<\/div>\n\t\t\t\t<\/div>\n\t\t\t\t\t<\/div>\n\t\t<\/div>\n\t\t\t\t<div class=\"aux-parallax-section elementor-column elementor-col-50 elementor-top-column elementor-element elementor-element-493bb5a\" data-id=\"493bb5a\" data-element_type=\"column\">\n\t\t\t<div class=\"elementor-widget-wrap elementor-element-populated\">\n\t\t\t\t\t\t<div class=\"elementor-element elementor-element-307893d elementor-widget elementor-widget-text-editor\" data-id=\"307893d\" data-element_type=\"widget\" data-widget_type=\"text-editor.default\">\n\t\t\t\t<div class=\"elementor-widget-container\">\n\t\t\t\t\t\t\t\t\t<p>En allant passer quelques jours de vacances chez sa grand-m\u00e8re, Max r\u00e9alise que, dans cette ravissante maison se passent des choses tr\u00e8s \u00e9tranges\u2026<\/p><p>Livre pour enfants de 6 \u00e0 12 ans.<\/p>\t\t\t\t\t\t\t\t<\/div>\n\t\t\t\t<\/div>\n\t\t\t\t\t<\/div>\n\t\t<\/div>\n\t\t\t\t\t<\/div>\n\t\t<\/section>\n\t\t\t\t<\/div>\n\t\t","protected":false},"excerpt":{"rendered":"<p>En allant passer quelques jours de vacances chez sa grand-m\u00e8re, Max r\u00e9alise que, dans cette ravissante maison se passent des choses tr\u00e8s \u00e9tranges\u2026 Livre pour enfants de 6 \u00e0 12 ans.<\/p>\n","protected":false},"featured_media":1704,"comment_status":"open","ping_status":"closed","template":"","meta":[],"product_brand":[],"product_cat":[77,35],"product_tag":[98,99,100,97],"class_list":{"0":"post-1962","1":"product","2":"type-product","3":"status-publish","4":"has-post-thumbnail","6":"product_cat-collection-les-histoires-de-mamitine","7":"product_cat-livre-pour-enfants","8":"product_tag-editions-ecriplume","9":"product_tag-fantome","10":"product_tag-le-fantome-de-brigasou","11":"product_tag-martine-peters","13":"first","14":"instock","15":"shipping-taxable","16":"purchasable","17":"product-type-simple"},"jetpack_sharing_enabled":true,"_links":{"self":[{"href":"https:\/\/editionsecriplume.com\/index.php?rest_route=\/wp\/v2\/product\/1962","targetHints":{"allow":["GET"]}}],"collection":[{"href":"https:\/\/editionsecriplume.com\/index.php?rest_route=\/wp\/v2\/product"}],"about":[{"href":"https:\/\/editionsecriplume.com\/index.php?rest_route=\/wp\/v2\/types\/product"}],"replies":[{"embeddable":true,"href":"https:\/\/editionsecriplume.com\/index.php?rest_route=%2Fwp%2Fv2%2Fcomments&post=1962"}],"version-history":[{"count":5,"href":"https:\/\/editionsecriplume.com\/index.php?rest_route=\/wp\/v2\/product\/1962\/revisions"}],"predecessor-version":[{"id":1967,"href":"https:\/\/editionsecriplume.com\/index.php?rest_route=\/wp\/v2\/product\/1962\/revisions\/1967"}],"wp:featuredmedia":[{"embeddable":true,"href":"https:\/\/editionsecriplume.com\/index.php?rest_route=\/wp\/v2\/media\/1704"}],"wp:attachment":[{"href":"https:\/\/editionsecriplume.com\/index.php?rest_route=%2Fwp%2Fv2%2Fmedia&parent=1962"}],"wp:term":[{"taxonomy":"product_brand","embeddable":true,"href":"https:\/\/editionsecriplume.com\/index.php?rest_route=%2Fwp%2Fv2%2Fproduct_brand&post=1962"},{"taxonomy":"product_cat","embeddable":true,"href":"https:\/\/editionsecriplume.com\/index.php?rest_route=%2Fwp%2Fv2%2Fproduct_cat&post=1962"},{"taxonomy":"product_tag","embeddable":true,"href":"https:\/\/editionsecriplume.com\/index.php?rest_route=%2Fwp%2Fv2%2Fproduct_tag&post=1962"}],"curies":[{"name":"wp","href":"https:\/\/api.w.org\/{rel}","templated":true}]}}