{"id":972,"date":"2018-07-16T16:17:48","date_gmt":"2018-07-16T14:17:48","guid":{"rendered":"https:\/\/editionsecriplume.com\/?page_id=972"},"modified":"2025-12-16T14:57:44","modified_gmt":"2025-12-16T13:57:44","slug":"about-2","status":"publish","type":"page","link":"https:\/\/editionsecriplume.com\/?page_id=972","title":{"rendered":"A propos"},"content":{"rendered":"\t\t<div data-elementor-type=\"wp-post\" data-elementor-id=\"972\" class=\"elementor elementor-972\" data-elementor-post-type=\"page\">\n\t\t\t\t\t\t<section class=\"elementor-section elementor-top-section elementor-element elementor-element-223feba elementor-section-boxed elementor-section-height-default elementor-section-height-default\" data-id=\"223feba\" data-element_type=\"section\">\n\t\t\t\t\t\t<div class=\"elementor-container elementor-column-gap-default\">\n\t\t\t\t\t<div class=\"aux-parallax-section elementor-column elementor-col-100 elementor-top-column elementor-element elementor-element-e492f68\" data-id=\"e492f68\" data-element_type=\"column\">\n\t\t\t<div class=\"elementor-widget-wrap elementor-element-populated\">\n\t\t\t\t\t\t<div class=\"elementor-element elementor-element-293daff elementor-widget elementor-widget-heading\" data-id=\"293daff\" data-element_type=\"widget\" data-widget_type=\"heading.default\">\n\t\t\t\t<div class=\"elementor-widget-container\">\n\t\t\t\t\t<h2 class=\"elementor-heading-title elementor-size-default\">Un autre chemin\u2026<\/h2>\t\t\t\t<\/div>\n\t\t\t\t<\/div>\n\t\t\t\t<div class=\"elementor-element elementor-element-8240bf8 aux-appear-watch-animation aux-scale-down elementor-widget elementor-widget-aux_image\" data-id=\"8240bf8\" data-element_type=\"widget\" data-widget_type=\"aux_image.default\">\n\t\t\t\t<div class=\"elementor-widget-container\">\n\t\t\t\t\t<section class=\"widget-container aux-widget-image aux-alignnone aux-parent-au1ddd2572\">\n    <div class=\"aux-media-hint-frame \">\n        <div class=\"aux-media-image \" >\n        \n            \n\n            \n            <img fetchpriority=\"high\" decoding=\"async\" width=\"800\" height=\"533\" src=\"data:image\/gif;base64,R0lGODlhAQABAIAAAAAAAP\/\/\/yH5BAEAAAAALAAAAAABAAEAAAIBRAA7\" class=\"aux-attachment aux-featured-image aux-attachment-id-1499 aux-preload aux-blank\" alt=\"pexels-judit-peter-1766604\" data-ratio=\"1.5\" data-original-w=\"2560\" sizes=\"auto\" data-srcset=\"https:\/\/editionsecriplume.com\/wp-content\/uploads\/2020\/11\/pexels-judit-peter-1766604-scaled-150x100.jpg 150w,https:\/\/editionsecriplume.com\/wp-content\/uploads\/2020\/11\/pexels-judit-peter-1766604-scaled-300x200.jpg 300w,https:\/\/editionsecriplume.com\/wp-content\/uploads\/2020\/11\/pexels-judit-peter-1766604-scaled-768x512.jpg 768w,https:\/\/editionsecriplume.com\/wp-content\/uploads\/2020\/11\/pexels-judit-peter-1766604-scaled-1024x682.jpg 1024w,https:\/\/editionsecriplume.com\/wp-content\/uploads\/2020\/11\/pexels-judit-peter-1766604-scaled-800x533.jpg 800w\" data-src=\"https:\/\/editionsecriplume.com\/wp-content\/uploads\/2020\/11\/pexels-judit-peter-1766604-scaled-800x533.jpg\" \/>            \n                <\/div>\n    <\/div>\n\n<\/section><!-- widget-container -->\t\t\t\t<\/div>\n\t\t\t\t<\/div>\n\t\t\t\t<div class=\"elementor-element elementor-element-dfb842c aux-appear-watch-animation aux-fade-in-up elementor-widget elementor-widget-text-editor\" data-id=\"dfb842c\" data-element_type=\"widget\" data-widget_type=\"text-editor.default\">\n\t\t\t\t<div class=\"elementor-widget-container\">\n\t\t\t\t\t\t\t\t\t<p>Lorsque vous \u00e9crivez un livre, un jour vient le moment de passer par l\u2019\u00e9preuve de la publication.<br>Tous les auteurs savent de quoi je parle\u2026<br>Beaucoup d\u2019appel\u00e9s et peu d\u2019\u00e9lus, l\u2019heure des d\u00e9sillusions a sonn\u00e9.<\/p>\n<p>Pour ma part, journaliste de profession depuis les ann\u00e9es 80, devenue \u00e9crivain en cours de route, j\u2019ai eu la chance de voir plusieurs de mes ouvrages \u00e9dit\u00e9s, sous le nom que je portais il y a encore quelques ann\u00e9es.<br>Mais, pour autant, je n\u2019ai pas gard\u00e9 un souvenir tr\u00e8s r\u00e9jouissant de l\u2019exp\u00e9rience.<br>Depuis longtemps, je caressais le r\u00eave de cr\u00e9er ma propre petite maison d\u2019\u00e9dition.<\/p>\n<p>Mon but premier \u00e9tait de publier mes propres ouvrages.<br><\/p>\n<p>C\u2019est ainsi que sont n\u00e9es les Editions Ecriplume.<br>Leur pari?<br>D\u00e9montrer qu\u2019il n\u2019y a pas qu\u2019un seul itin\u00e9raire pour atteindre le coeur des lecteurs\u2026<br>Loin des autoroutes traditionnelles, il est aussi possible d\u2019emprunter les chemins buissonniers\u2026 mes pr\u00e9f\u00e9r\u00e9s !<\/p>\n<p><\/p>\n<p>Ecriplume<\/p>\t\t\t\t\t\t\t\t<\/div>\n\t\t\t\t<\/div>\n\t\t\t\t\t<\/div>\n\t\t<\/div>\n\t\t\t\t\t<\/div>\n\t\t<\/section>\n\t\t\t\t<\/div>\n\t\t","protected":false},"excerpt":{"rendered":"<p>Un autre chemin\u2026 Lorsque vous \u00e9crivez un livre, un jour vient le moment de passer par l\u2019\u00e9preuve de la publication.Tous les auteurs savent de quoi je parle\u2026Beaucoup d\u2019appel\u00e9s et peu d\u2019\u00e9lus, l\u2019heure des d\u00e9sillusions a sonn\u00e9. Pour ma part, journaliste de profession depuis les ann\u00e9es 80, devenue \u00e9crivain en cours de route, j\u2019ai eu la [&hellip;]<\/p>\n","protected":false},"author":1,"featured_media":0,"parent":0,"menu_order":0,"comment_status":"closed","ping_status":"closed","template":"","meta":{"footnotes":""},"class_list":["post-972","page","type-page","status-publish","hentry"],"jetpack_sharing_enabled":true,"_links":{"self":[{"href":"https:\/\/editionsecriplume.com\/index.php?rest_route=\/wp\/v2\/pages\/972","targetHints":{"allow":["GET"]}}],"collection":[{"href":"https:\/\/editionsecriplume.com\/index.php?rest_route=\/wp\/v2\/pages"}],"about":[{"href":"https:\/\/editionsecriplume.com\/index.php?rest_route=\/wp\/v2\/types\/page"}],"author":[{"embeddable":true,"href":"https:\/\/editionsecriplume.com\/index.php?rest_route=\/wp\/v2\/users\/1"}],"replies":[{"embeddable":true,"href":"https:\/\/editionsecriplume.com\/index.php?rest_route=%2Fwp%2Fv2%2Fcomments&post=972"}],"version-history":[{"count":25,"href":"https:\/\/editionsecriplume.com\/index.php?rest_route=\/wp\/v2\/pages\/972\/revisions"}],"predecessor-version":[{"id":3191,"href":"https:\/\/editionsecriplume.com\/index.php?rest_route=\/wp\/v2\/pages\/972\/revisions\/3191"}],"wp:attachment":[{"href":"https:\/\/editionsecriplume.com\/index.php?rest_route=%2Fwp%2Fv2%2Fmedia&parent=972"}],"curies":[{"name":"wp","href":"https:\/\/api.w.org\/{rel}","templated":true}]}}